{"id":1185,"date":"2020-11-17T14:59:38","date_gmt":"2020-11-17T13:59:38","guid":{"rendered":"http:\/\/intertonpackaging.com\/?page_id=1185"},"modified":"2020-11-17T15:02:12","modified_gmt":"2020-11-17T14:02:12","slug":"polityka-prywatnosci","status":"publish","type":"page","link":"https:\/\/intertonpackaging.com\/pl\/polityka-prywatnosci\/","title":{"rendered":"Polityka prywatno\u015bci"},"content":{"rendered":"\n<h1>Polityka prywatno\u015bci<\/h1>\n\n\n\n<p><strong>Administrator danych osobowych<\/strong><\/p>\n\n\n\n<p>Administratorem podanych przez Pani\u0105\/Pana danych osobowych jest<\/p>\n\n\n\n<p><strong>Interton Sp. z o.o.<br>Ul. Chrzanowska 20A<br>05-825 Grodzisk Mazowiecki<\/strong><\/p>\n\n\n\n<p>Je\u015bli ma Pani\/Pan jakiekolwiek pytania odno\u015bnie przetwarzania przez nas danych, czy praw jakie Pani\/Panu w zwi\u0105zku z tym przys\u0142uguj\u0105, prosz\u0119 o przes\u0142anie maila rodo@intertonpackaging.com.&nbsp;z tematem \u201eRODO\u201d.<\/p>\n\n\n\n<p><strong>W jakim celu przetwarzamy Pani\/Pana dane?<\/strong><\/p>\n\n\n\n<p>Przetwarzanie Pani\/Pana danych osobowych nast\u0119puje wy\u0142\u0105cznie w celu udzielenia odpowiedzi na przes\u0142ane pytania lub w innych sprawach, w kt\u00f3rych Pani\/Pan kontaktuje si\u0119 z nami wykorzystuj\u0105c formularz kontaktowy.<\/p>\n\n\n\n<p>Podanie danych osobowych jest dobrowolne, ale ich niepodanie \u0142\u0105czy si\u0119 z brakiem mo\u017cliwo\u015bci otrzymania odpowiedzi na zadane pytanie.<\/p>\n\n\n\n<p><strong>Na jakiej podstawie przetwarzamy Pani\/Pana dane?<\/strong><\/p>\n\n\n\n<p>Podstaw\u0105 prawn\u0105 przetwarzania przez nas Pani\/Pana danych osobowych jest prawnie uzasadniony interes Administratora, jakim jest w\u0142a\u015bciwa obs\u0142uga naszych obecnych i potencjalnych Klient\u00f3w, w tym udzielanie odpowiedzi na kierowane do nas pytania (tj. art. 6 ust. 1 lit. f RODO).<\/p>\n\n\n\n<p>Dane b\u0119d\u0105 przekazane wy\u0142\u0105cznie do podmiot\u00f3w \u015bwiadcz\u0105cych na nasz\u0105 rzecz us\u0142ugi wsparcia w tym us\u0142ugi ksi\u0119gowe, kadrowe oraz IT przy czym takie podmioty przetwarzaj\u0105 dane na podstawie um\u00f3w zawartych z nami i wy\u0142\u0105cznie zgodnie z poleceniami Administratora. Poza wymienionymi podmiotami Pani\/Pana dane mog\u0105 zosta\u0107 udost\u0119pnione wy\u0142\u0105cznie na \u017c\u0105danie podmiot\u00f3w upowa\u017cnionych do tego na podstawie przepis\u00f3w prawa.<\/p>\n\n\n\n<p><strong>Okres przechowywania danych<\/strong><\/p>\n\n\n\n<p>Pani\/Pana dane osobowe b\u0119d\u0105 wykorzystywane przez nas przez okres niezb\u0119dny do udzielenia odpowiedzi i charakteru korespondencji.<\/p>\n\n\n\n<p>W przypadku, gdy podstaw\u0105 przetwarzania danych osobowych jest Pani\/Pana zgoda w\u00f3wczas Pani\/Pana dane osobowe przetwarzane s\u0105 przez nas tak d\u0142ugo, a\u017c zgoda nie zostanie odwo\u0142ana, a po odwo\u0142aniu zgody przez okres czasu odpowiadaj\u0105cy okresowi przedawnienia roszcze\u0144, nie d\u0142u\u017cej ni\u017c lat 10.<\/p>\n\n\n\n<p>W przypadku, gdy podstaw\u0105 przetwarzania danych jest wykonanie umowy, w\u00f3wczas Pani\/Pana dane osobowe przetwarzane s\u0105 przez nas tak d\u0142ugo, jak jest to niezb\u0119dne do wykonania umowy, a po tym czasie przez okres odpowiadaj\u0105cy okresowi przedawnienia roszcze\u0144, nie d\u0142u\u017cej ni\u017c lat 10.<\/p>\n\n\n\n<p><strong>Jakie przys\u0142uguj\u0105 Pani\/Panu prawa w zwi\u0105zku z przetwarzaniem przez nas danych?<\/strong><\/p>\n\n\n\n<p>Ma Pani\/Pan prawo \u017c\u0105dania od nas dost\u0119pu do swoich danych osobowych ich sprostowania, usuni\u0119cia, ograniczenia przetwarzania lub przenoszenia danych.<\/p>\n\n\n\n<p>Ma Pani\/Pan prawo do wniesienia sprzeciwu wobec przetwarzania, chyba \u017ce korespondencja dotyczy ustalenia, dochodzenia lub obrony roszcze\u0144.<\/p>\n\n\n\n<p><strong>Bezpiecze\u0144stwo Pani\/Pana danych jest dla nas priorytetem<\/strong><\/p>\n\n\n\n<p>Bezpiecze\u0144stwo Pani\/Pana danych jest dla nas priorytetem, je\u015bli jednak uznasz, \u017ce przetwarzaj\u0105c dane naruszamy przepisy RODO, ma Pani\/Pan prawo wniesienia skargi do Prezesa Urz\u0119du Ochrony Danych Osobowych lub organu nadzorczego innego pa\u0144stwa cz\u0142onkowskiego Unii Europejskiej, w\u0142a\u015bciwego ze wzgl\u0119du na miejsce zwyk\u0142ego pobytu lub pracy lub ze wzgl\u0119du na miejsce domniemanego naruszenia RODO.<\/p>\n","protected":false},"excerpt":{"rendered":"<p>Polityka prywatno\u015bci Administrator danych osobowych Administratorem podanych przez Pani\u0105\/Pana danych osobowych jest Interton Sp. z o.o.Ul. Chrzanowska 20A05-825 Grodzisk Mazowiecki Je\u015bli ma Pani\/Pan jakiekolwiek pytania odno\u015bnie przetwarzania przez nas danych,&#8230;<\/p>\n","protected":false},"author":1,"featured_media":0,"parent":0,"menu_order":0,"comment_status":"closed","ping_status":"closed","template":"","meta":[],"_links":{"self":[{"href":"https:\/\/intertonpackaging.com\/pl\/wp-json\/wp\/v2\/pages\/1185"}],"collection":[{"href":"https:\/\/intertonpackaging.com\/pl\/wp-json\/wp\/v2\/pages"}],"about":[{"href":"https:\/\/intertonpackaging.com\/pl\/wp-json\/wp\/v2\/types\/page"}],"author":[{"embeddable":true,"href":"https:\/\/intertonpackaging.com\/pl\/wp-json\/wp\/v2\/users\/1"}],"replies":[{"embeddable":true,"href":"https:\/\/intertonpackaging.com\/pl\/wp-json\/wp\/v2\/comments?post=1185"}],"version-history":[{"count":3,"href":"https:\/\/intertonpackaging.com\/pl\/wp-json\/wp\/v2\/pages\/1185\/revisions"}],"predecessor-version":[{"id":1190,"href":"https:\/\/intertonpackaging.com\/pl\/wp-json\/wp\/v2\/pages\/1185\/revisions\/1190"}],"wp:attachment":[{"href":"https:\/\/intertonpackaging.com\/pl\/wp-json\/wp\/v2\/media?parent=1185"}],"curies":[{"name":"wp","href":"https:\/\/api.w.org\/{rel}","templated":true}]}}